{"id":70,"date":"2014-03-21T02:28:44","date_gmt":"2014-03-21T02:28:44","guid":{"rendered":"https:\/\/jdforja.com\/?page_id=70"},"modified":"2014-05-12T19:15:47","modified_gmt":"2014-05-12T19:15:47","slug":"sobre-nosotros","status":"publish","type":"page","link":"https:\/\/www.jdforja.com\/?page_id=70","title":{"rendered":"Sobre Nosotros"},"content":{"rendered":"<p style=\"text-align: left;\"><span style=\"color: #333333; font-family: 'Arial Black', 'Avant Garde'; font-size: 14pt;\">\u00a0 \u00a0 \u00a0JD Structural Works se especializa en la realizaci\u00f3n de productos b\u00e1sicos hasta productos con requerimientos m\u00e1s personalizados y bajo dise\u00f1o como: \u00a0marcos y molduras de ventanas, protecciones, rejas, portones, marcos de puertas, terrazas, techos, barandales, puertas met\u00e1licas y protecciones para negocios; hasta\u00a0l\u00e1mparas,\u00a0fuentes, letreros\u00a0y accesorios personalizados para restaurantes, exhibidores y vitrinas de aluminio.<\/span><\/p>\n<p style=\"text-align: left;\"><span style=\"font-family: 'Arial Black', 'Avant Garde'; font-size: 14pt; color: #333333;\">\u00a0 \u00a0 \u00a0Nuestra compa\u00f1\u00eda es netamente puertorrique\u00f1a con m\u00e1s de 40 a\u00f1os de experiencia en la elaboraci\u00f3n y fabricaci\u00f3n de trabajos art\u00edsticos r\u00fasticos en acero forjado. \u00a0Es una empresa familiar donde todos los proyectos se trabajan con suma atenci\u00f3n.\u00a0<\/span><\/p>\n<p style=\"text-align: center;\"><a href=\"https:\/\/jdforja.com\/wp\/wp-content\/uploads\/2014\/03\/foto-1.jpg\"><img loading=\"lazy\" decoding=\"async\" class=\"alignnone size-full wp-image-303\" src=\"https:\/\/jdforja.com\/wp\/wp-content\/uploads\/2014\/03\/foto-1.jpg\" alt=\"foto 1\" width=\"900\" height=\"300\" srcset=\"https:\/\/www.jdforja.com\/wp\/wp-content\/uploads\/2014\/03\/foto-1.jpg 900w, https:\/\/www.jdforja.com\/wp\/wp-content\/uploads\/2014\/03\/foto-1-300x100.jpg 300w\" sizes=\"auto, (max-width: 900px) 100vw, 900px\" \/><\/a><\/p>\n<p style=\"text-align: left;\"><span style=\"font-family: 'Arial Black', 'Avant Garde'; font-size: 14pt; color: #333333;\">\u00a0 \u00a0 \u00a0Trabajamos todo tipo de materiales, tales como: acero ferroso, galvanizado, &#8220;stainless steel&#8221;, aluminio, bronce, entre otros. Contamos con maquinaria sofisticada de dise\u00f1o en computadoras, aunque la mayor parte de los trabajos son hechos a mano. \u00a0<\/span><\/p>\n<p style=\"text-align: center;\"><a href=\"https:\/\/jdforja.com\/wp\/wp-content\/uploads\/2014\/03\/foto-2.jpg\"><img loading=\"lazy\" decoding=\"async\" class=\"alignnone size-full wp-image-304\" src=\"https:\/\/jdforja.com\/wp\/wp-content\/uploads\/2014\/03\/foto-2.jpg\" alt=\"foto 2\" width=\"900\" height=\"300\" srcset=\"https:\/\/www.jdforja.com\/wp\/wp-content\/uploads\/2014\/03\/foto-2.jpg 900w, https:\/\/www.jdforja.com\/wp\/wp-content\/uploads\/2014\/03\/foto-2-300x100.jpg 300w\" sizes=\"auto, (max-width: 900px) 100vw, 900px\" \/><\/a><\/p>\n<p style=\"text-align: left;\"><span style=\"font-family: 'Arial Black', 'Avant Garde'; font-size: 14pt; color: #333333;\">\u00a0 \u00a0 \u00a0Trabajamos mano a mano con el cliente, desde la idea original hasta su desarrollo, asegur\u00e1ndonos que cada detalle quede a la perfecci\u00f3n, la satisfacci\u00f3n de cada cliente es lo m\u00e1s que nos gusta de nuestro trabajo.<\/span><\/p>\n<h1 style=\"font-weight: lighter; color: #091248; text-align: center;\"><span style=\"font-size: 14pt; font-family: 'Arial Black', 'Avant Garde'; color: #333333;\">EN\u00a0JD STRUCTURAL WORKS\u00a0LE DAMOS\u00a0<span style=\"font-weight: bolder;\">FORMA<\/span>\u00a0A TUS\u00a0<span style=\"font-weight: bolder;\">IDEAS<\/span><\/span><\/h1>\n<p style=\"text-align: center;\"><a href=\"https:\/\/jdforja.com\/wp\/wp-content\/uploads\/2014\/03\/foto-4.jpg\"><img loading=\"lazy\" decoding=\"async\" class=\"alignnone size-full wp-image-306\" src=\"https:\/\/jdforja.com\/wp\/wp-content\/uploads\/2014\/03\/foto-4.jpg\" alt=\"foto 4\" width=\"1200\" height=\"300\" srcset=\"https:\/\/www.jdforja.com\/wp\/wp-content\/uploads\/2014\/03\/foto-4.jpg 1200w, https:\/\/www.jdforja.com\/wp\/wp-content\/uploads\/2014\/03\/foto-4-300x75.jpg 300w, https:\/\/www.jdforja.com\/wp\/wp-content\/uploads\/2014\/03\/foto-4-1024x256.jpg 1024w\" sizes=\"auto, (max-width: 1200px) 100vw, 1200px\" \/><\/a><\/p>\n<p style=\"text-align: center;\"><span style=\"color: #333333; font-size: 14pt;\"><span style=\"font-family: 'Arial Black', 'Avant Garde';\">\u00a0 \u00a0 \u00a0Le invitamos a ver m\u00e1s sobre nuestros trabajos, en nuestras\u00a0<\/span><span style=\"font-family: 'Arial Black', 'Avant Garde';\">galer\u00edas<\/span><span style=\"font-family: 'Arial Black', 'Avant Garde';\">\u00a0y a que nos contacte para que comience a elevar el estilo de su\u00a0propiedad.<\/span><\/span><\/p>\n<h1 style=\"font-weight: lighter; color: #091248; text-align: center;\"><span style=\"font-size: 14pt; color: #333333; font-family: 'Arial Black', 'Avant Garde';\">EN\u00a0JD STRUCTURAL WORKS\u00a0LE DAMOS\u00a0<span style=\"font-weight: bolder;\">FORMA<\/span>\u00a0A TUS\u00a0<span style=\"font-weight: bolder;\">IDEAS<\/span><\/span><\/h1>\n<p><a href=\"https:\/\/jdforja.com\/wp\/wp-content\/uploads\/2014\/03\/foto-8.jpg\"><img loading=\"lazy\" decoding=\"async\" class=\"alignnone size-full wp-image-412\" src=\"https:\/\/jdforja.com\/wp\/wp-content\/uploads\/2014\/03\/foto-8.jpg\" alt=\"foto 8\" width=\"1280\" height=\"1024\" srcset=\"https:\/\/www.jdforja.com\/wp\/wp-content\/uploads\/2014\/03\/foto-8.jpg 1280w, https:\/\/www.jdforja.com\/wp\/wp-content\/uploads\/2014\/03\/foto-8-300x240.jpg 300w, https:\/\/www.jdforja.com\/wp\/wp-content\/uploads\/2014\/03\/foto-8-1024x819.jpg 1024w\" sizes=\"auto, (max-width: 1280px) 100vw, 1280px\" \/><\/a><\/p>\n<p><span style=\"font-family: 'Arial Black', 'Avant Garde'; font-size: 14pt; color: #333333;\">Pregunta por nuestra amplia gama de productos, recuerda que el l\u00edmite de impresi\u00f3n y de dise\u00f1o es su imaginaci\u00f3n.<\/span><\/p>\n","protected":false},"excerpt":{"rendered":"<p>\u00a0 \u00a0 \u00a0JD Structural Works se especializa en la realizaci\u00f3n de productos b\u00e1sicos hasta productos con requerimientos m\u00e1s personalizados y bajo dise\u00f1o como: \u00a0marcos y molduras de ventanas, protecciones, rejas, portones, marcos de puertas, terrazas, techos, barandales, puertas met\u00e1licas y protecciones para negocios; hasta\u00a0l\u00e1mparas,\u00a0fuentes, letreros\u00a0y accesorios personalizados para restaurantes, exhibidores y vitrinas de aluminio. \u00a0 [&hellip;]<\/p>\n","protected":false},"author":1,"featured_media":0,"parent":0,"menu_order":0,"comment_status":"open","ping_status":"open","template":"","meta":{"footnotes":""},"class_list":["post-70","page","type-page","status-publish","hentry","entry"],"_links":{"self":[{"href":"https:\/\/www.jdforja.com\/index.php?rest_route=\/wp\/v2\/pages\/70","targetHints":{"allow":["GET"]}}],"collection":[{"href":"https:\/\/www.jdforja.com\/index.php?rest_route=\/wp\/v2\/pages"}],"about":[{"href":"https:\/\/www.jdforja.com\/index.php?rest_route=\/wp\/v2\/types\/page"}],"author":[{"embeddable":true,"href":"https:\/\/www.jdforja.com\/index.php?rest_route=\/wp\/v2\/users\/1"}],"replies":[{"embeddable":true,"href":"https:\/\/www.jdforja.com\/index.php?rest_route=%2Fwp%2Fv2%2Fcomments&post=70"}],"version-history":[{"count":30,"href":"https:\/\/www.jdforja.com\/index.php?rest_route=\/wp\/v2\/pages\/70\/revisions"}],"predecessor-version":[{"id":476,"href":"https:\/\/www.jdforja.com\/index.php?rest_route=\/wp\/v2\/pages\/70\/revisions\/476"}],"wp:attachment":[{"href":"https:\/\/www.jdforja.com\/index.php?rest_route=%2Fwp%2Fv2%2Fmedia&parent=70"}],"curies":[{"name":"wp","href":"https:\/\/api.w.org\/{rel}","templated":true}]}}